{"id":18491,"date":"2025-10-17T15:36:42","date_gmt":"2025-10-17T18:36:42","guid":{"rendered":"https:\/\/nuevodigitaldeescobar.com.ar\/?page_id=18491"},"modified":"2025-12-04T09:53:02","modified_gmt":"2025-12-04T12:53:02","slug":"clasificados","status":"publish","type":"page","link":"https:\/\/nuevodigitaldeescobar.com.ar\/?page_id=18491","title":{"rendered":"Clasificados"},"content":{"rendered":"\n<p class=\"has-vivid-cyan-blue-color has-text-color has-link-color wp-elements-4289e036439e2254c8ba1ce535091bdc\"><strong><em>Coloc\u00e1 ac\u00e1 tu aviso clasificado. Escribinos al 11 4418-9629!!!<\/em><\/strong><\/p>\n\n\n\n<p><\/p>\n\n\n\n<p><strong>Terrenos<\/strong><\/p>\n\n\n\n<p>Loteo en Escobar Altos de Bel\u00e9n, 350mt2 asfalto, luz, gas natural listos para escriturar.<br>Desde 23.000 d\u00f3lares, financiaci\u00f3n, tomamos veh\u00edculos.<br>Cel\/WhatsApp<br>1131754794<\/p>\n\n\n<div class=\"wp-block-image\">\n<figure class=\"aligncenter size-large is-resized\"><img fetchpriority=\"high\" decoding=\"async\" width=\"767\" height=\"1024\" src=\"https:\/\/nuevodigitaldeescobar.com.ar\/wp-content\/uploads\/2025\/10\/16692049-8399-4fbd-86c1-df11e5099e9e-767x1024.jpg\" alt=\"\" class=\"wp-image-18550\" style=\"width:644px;height:auto\" srcset=\"https:\/\/nuevodigitaldeescobar.com.ar\/wp-content\/uploads\/2025\/10\/16692049-8399-4fbd-86c1-df11e5099e9e-767x1024.jpg 767w, https:\/\/nuevodigitaldeescobar.com.ar\/wp-content\/uploads\/2025\/10\/16692049-8399-4fbd-86c1-df11e5099e9e-225x300.jpg 225w, https:\/\/nuevodigitaldeescobar.com.ar\/wp-content\/uploads\/2025\/10\/16692049-8399-4fbd-86c1-df11e5099e9e-768x1025.jpg 768w, https:\/\/nuevodigitaldeescobar.com.ar\/wp-content\/uploads\/2025\/10\/16692049-8399-4fbd-86c1-df11e5099e9e.jpg 1080w\" sizes=\"(max-width: 767px) 100vw, 767px\" \/><\/figure><\/div>\n\n\n<p>Peugeot 207 Compack a\u00f1o 2013, 197.000 km<br>Motor 1.4 HDI<br>$11.000.000<br>Celular\/WhatsApp<br>11 3175 4794<\/p>\n\n\n\n<figure class=\"wp-block-image size-large is-resized\"><img decoding=\"async\" width=\"1024\" height=\"576\" src=\"http:\/\/nuevodigitaldeescobar.com.ar\/wp-content\/uploads\/2025\/10\/d5d34d82-ce5a-4af5-acec-71916cb8a74b-1024x576.jpg\" alt=\"\" class=\"wp-image-18552\" style=\"width:581px;height:auto\" srcset=\"https:\/\/nuevodigitaldeescobar.com.ar\/wp-content\/uploads\/2025\/10\/d5d34d82-ce5a-4af5-acec-71916cb8a74b-1024x576.jpg 1024w, https:\/\/nuevodigitaldeescobar.com.ar\/wp-content\/uploads\/2025\/10\/d5d34d82-ce5a-4af5-acec-71916cb8a74b-300x169.jpg 300w, https:\/\/nuevodigitaldeescobar.com.ar\/wp-content\/uploads\/2025\/10\/d5d34d82-ce5a-4af5-acec-71916cb8a74b-768x432.jpg 768w, https:\/\/nuevodigitaldeescobar.com.ar\/wp-content\/uploads\/2025\/10\/d5d34d82-ce5a-4af5-acec-71916cb8a74b-1536x864.jpg 1536w, https:\/\/nuevodigitaldeescobar.com.ar\/wp-content\/uploads\/2025\/10\/d5d34d82-ce5a-4af5-acec-71916cb8a74b.jpg 1600w\" sizes=\"(max-width: 1024px) 100vw, 1024px\" \/><\/figure>\n","protected":false},"excerpt":{"rendered":"<p>Coloc\u00e1 ac\u00e1 tu aviso clasificado. Escribinos al 11 4418-9629!!! Terrenos Loteo en Escobar Altos de Bel\u00e9n, 350mt2 asfalto, luz, gas natural listos para escriturar.Desde 23.000 [&hellip;]<\/p>\n","protected":false},"author":1,"featured_media":0,"parent":0,"menu_order":0,"comment_status":"closed","ping_status":"closed","template":"","meta":{"footnotes":""},"class_list":["post-18491","page","type-page","status-publish","hentry"],"better_featured_image":null,"yoast_head":"<!-- This site is optimized with the Yoast SEO plugin v26.1.1 - https:\/\/yoast.com\/wordpress\/plugins\/seo\/ -->\n<title>Clasificados - Nuevo Digital de Escobar<\/title>\n<meta name=\"description\" content=\"Coloc\u00e1 ac\u00e1 tu aviso clasificado. Escribinos al 11 4418-9629!!!\" \/>\n<meta name=\"robots\" content=\"index, follow, max-snippet:-1, max-image-preview:large, max-video-preview:-1\" \/>\n<link rel=\"canonical\" href=\"https:\/\/nuevodigitaldeescobar.com.ar\/?page_id=18491\" \/>\n<meta property=\"og:locale\" content=\"es_ES\" \/>\n<meta property=\"og:type\" content=\"article\" \/>\n<meta property=\"og:title\" content=\"Clasificados\" \/>\n<meta property=\"og:description\" content=\"Coloc\u00e1 ac\u00e1 tu aviso clasificado. Escribinos al 11 4418-9629!!!\" \/>\n<meta property=\"og:url\" content=\"https:\/\/nuevodigitaldeescobar.com.ar\/?page_id=18491\" \/>\n<meta property=\"og:site_name\" content=\"Nuevo Digital de Escobar\" \/>\n<meta property=\"article:publisher\" content=\"https:\/\/www.facebook.com\/NUEVODigitalDeEscobar\" \/>\n<meta property=\"article:modified_time\" content=\"2025-12-04T12:53:02+00:00\" \/>\n<meta property=\"og:image\" content=\"http:\/\/nuevodigitaldeescobar.com.ar\/wp-content\/uploads\/2025\/10\/logo-nuevo2.jpg\" \/>\n\t<meta property=\"og:image:width\" content=\"385\" \/>\n\t<meta property=\"og:image:height\" content=\"305\" \/>\n\t<meta property=\"og:image:type\" content=\"image\/jpeg\" \/>\n<meta name=\"twitter:card\" content=\"summary_large_image\" \/>\n<meta name=\"twitter:site\" content=\"@nuevodigescobar\" \/>\n<meta name=\"twitter:label1\" content=\"Tiempo de lectura\" \/>\n\t<meta name=\"twitter:data1\" content=\"1 minuto\" \/>\n<script type=\"application\/ld+json\" class=\"yoast-schema-graph\">{\"@context\":\"https:\/\/schema.org\",\"@graph\":[{\"@type\":\"WebPage\",\"@id\":\"https:\/\/nuevodigitaldeescobar.com.ar\/?page_id=18491\",\"url\":\"https:\/\/nuevodigitaldeescobar.com.ar\/?page_id=18491\",\"name\":\"Clasificados - Nuevo Digital de Escobar\",\"isPartOf\":{\"@id\":\"https:\/\/nuevodigitaldeescobar.com.ar\/#website\"},\"primaryImageOfPage\":{\"@id\":\"https:\/\/nuevodigitaldeescobar.com.ar\/?page_id=18491#primaryimage\"},\"image\":{\"@id\":\"https:\/\/nuevodigitaldeescobar.com.ar\/?page_id=18491#primaryimage\"},\"thumbnailUrl\":\"https:\/\/nuevodigitaldeescobar.com.ar\/wp-content\/uploads\/2025\/10\/16692049-8399-4fbd-86c1-df11e5099e9e-767x1024.jpg\",\"datePublished\":\"2025-10-17T18:36:42+00:00\",\"dateModified\":\"2025-12-04T12:53:02+00:00\",\"description\":\"Coloc\u00e1 ac\u00e1 tu aviso clasificado. Escribinos al 11 4418-9629!!!\",\"breadcrumb\":{\"@id\":\"https:\/\/nuevodigitaldeescobar.com.ar\/?page_id=18491#breadcrumb\"},\"inLanguage\":\"es\",\"potentialAction\":[{\"@type\":\"ReadAction\",\"target\":[\"https:\/\/nuevodigitaldeescobar.com.ar\/?page_id=18491\"]}]},{\"@type\":\"ImageObject\",\"inLanguage\":\"es\",\"@id\":\"https:\/\/nuevodigitaldeescobar.com.ar\/?page_id=18491#primaryimage\",\"url\":\"https:\/\/nuevodigitaldeescobar.com.ar\/wp-content\/uploads\/2025\/10\/16692049-8399-4fbd-86c1-df11e5099e9e.jpg\",\"contentUrl\":\"https:\/\/nuevodigitaldeescobar.com.ar\/wp-content\/uploads\/2025\/10\/16692049-8399-4fbd-86c1-df11e5099e9e.jpg\",\"width\":1080,\"height\":1441},{\"@type\":\"BreadcrumbList\",\"@id\":\"https:\/\/nuevodigitaldeescobar.com.ar\/?page_id=18491#breadcrumb\",\"itemListElement\":[{\"@type\":\"ListItem\",\"position\":1,\"name\":\"Portada\",\"item\":\"https:\/\/nuevodigitaldeescobar.com.ar\/\"},{\"@type\":\"ListItem\",\"position\":2,\"name\":\"Clasificados\"}]},{\"@type\":\"WebSite\",\"@id\":\"https:\/\/nuevodigitaldeescobar.com.ar\/#website\",\"url\":\"https:\/\/nuevodigitaldeescobar.com.ar\/\",\"name\":\"Nuevo Digital de Escobar\",\"description\":\"La vida escobarense. Directora: Rosana Brunner\",\"publisher\":{\"@id\":\"https:\/\/nuevodigitaldeescobar.com.ar\/#organization\"},\"potentialAction\":[{\"@type\":\"SearchAction\",\"target\":{\"@type\":\"EntryPoint\",\"urlTemplate\":\"https:\/\/nuevodigitaldeescobar.com.ar\/?s={search_term_string}\"},\"query-input\":{\"@type\":\"PropertyValueSpecification\",\"valueRequired\":true,\"valueName\":\"search_term_string\"}}],\"inLanguage\":\"es\"},{\"@type\":\"Organization\",\"@id\":\"https:\/\/nuevodigitaldeescobar.com.ar\/#organization\",\"name\":\"Nuevo Digital de Escobar\",\"url\":\"https:\/\/nuevodigitaldeescobar.com.ar\/\",\"logo\":{\"@type\":\"ImageObject\",\"inLanguage\":\"es\",\"@id\":\"https:\/\/nuevodigitaldeescobar.com.ar\/#\/schema\/logo\/image\/\",\"url\":\"https:\/\/nuevodigitaldeescobar.com.ar\/wp-content\/uploads\/2025\/05\/cropped-logo-nuevo2.jpg\",\"contentUrl\":\"https:\/\/nuevodigitaldeescobar.com.ar\/wp-content\/uploads\/2025\/05\/cropped-logo-nuevo2.jpg\",\"width\":305,\"height\":305,\"caption\":\"Nuevo Digital de Escobar\"},\"image\":{\"@id\":\"https:\/\/nuevodigitaldeescobar.com.ar\/#\/schema\/logo\/image\/\"},\"sameAs\":[\"https:\/\/www.facebook.com\/NUEVODigitalDeEscobar\",\"https:\/\/x.com\/nuevodigescobar\",\"https:\/\/www.instagram.com\/nuevodigitaldeescobar\"]}]}<\/script>\n<!-- \/ Yoast SEO plugin. -->","yoast_head_json":{"title":"Clasificados - Nuevo Digital de Escobar","description":"Coloc\u00e1 ac\u00e1 tu aviso clasificado. Escribinos al 11 4418-9629!!!","robots":{"index":"index","follow":"follow","max-snippet":"max-snippet:-1","max-image-preview":"max-image-preview:large","max-video-preview":"max-video-preview:-1"},"canonical":"https:\/\/nuevodigitaldeescobar.com.ar\/?page_id=18491","og_locale":"es_ES","og_type":"article","og_title":"Clasificados","og_description":"Coloc\u00e1 ac\u00e1 tu aviso clasificado. Escribinos al 11 4418-9629!!!","og_url":"https:\/\/nuevodigitaldeescobar.com.ar\/?page_id=18491","og_site_name":"Nuevo Digital de Escobar","article_publisher":"https:\/\/www.facebook.com\/NUEVODigitalDeEscobar","article_modified_time":"2025-12-04T12:53:02+00:00","og_image":[{"width":385,"height":305,"url":"http:\/\/nuevodigitaldeescobar.com.ar\/wp-content\/uploads\/2025\/10\/logo-nuevo2.jpg","type":"image\/jpeg"}],"twitter_card":"summary_large_image","twitter_site":"@nuevodigescobar","twitter_misc":{"Tiempo de lectura":"1 minuto"},"schema":{"@context":"https:\/\/schema.org","@graph":[{"@type":"WebPage","@id":"https:\/\/nuevodigitaldeescobar.com.ar\/?page_id=18491","url":"https:\/\/nuevodigitaldeescobar.com.ar\/?page_id=18491","name":"Clasificados - Nuevo Digital de Escobar","isPartOf":{"@id":"https:\/\/nuevodigitaldeescobar.com.ar\/#website"},"primaryImageOfPage":{"@id":"https:\/\/nuevodigitaldeescobar.com.ar\/?page_id=18491#primaryimage"},"image":{"@id":"https:\/\/nuevodigitaldeescobar.com.ar\/?page_id=18491#primaryimage"},"thumbnailUrl":"https:\/\/nuevodigitaldeescobar.com.ar\/wp-content\/uploads\/2025\/10\/16692049-8399-4fbd-86c1-df11e5099e9e-767x1024.jpg","datePublished":"2025-10-17T18:36:42+00:00","dateModified":"2025-12-04T12:53:02+00:00","description":"Coloc\u00e1 ac\u00e1 tu aviso clasificado. Escribinos al 11 4418-9629!!!","breadcrumb":{"@id":"https:\/\/nuevodigitaldeescobar.com.ar\/?page_id=18491#breadcrumb"},"inLanguage":"es","potentialAction":[{"@type":"ReadAction","target":["https:\/\/nuevodigitaldeescobar.com.ar\/?page_id=18491"]}]},{"@type":"ImageObject","inLanguage":"es","@id":"https:\/\/nuevodigitaldeescobar.com.ar\/?page_id=18491#primaryimage","url":"https:\/\/nuevodigitaldeescobar.com.ar\/wp-content\/uploads\/2025\/10\/16692049-8399-4fbd-86c1-df11e5099e9e.jpg","contentUrl":"https:\/\/nuevodigitaldeescobar.com.ar\/wp-content\/uploads\/2025\/10\/16692049-8399-4fbd-86c1-df11e5099e9e.jpg","width":1080,"height":1441},{"@type":"BreadcrumbList","@id":"https:\/\/nuevodigitaldeescobar.com.ar\/?page_id=18491#breadcrumb","itemListElement":[{"@type":"ListItem","position":1,"name":"Portada","item":"https:\/\/nuevodigitaldeescobar.com.ar\/"},{"@type":"ListItem","position":2,"name":"Clasificados"}]},{"@type":"WebSite","@id":"https:\/\/nuevodigitaldeescobar.com.ar\/#website","url":"https:\/\/nuevodigitaldeescobar.com.ar\/","name":"Nuevo Digital de Escobar","description":"La vida escobarense. Directora: Rosana Brunner","publisher":{"@id":"https:\/\/nuevodigitaldeescobar.com.ar\/#organization"},"potentialAction":[{"@type":"SearchAction","target":{"@type":"EntryPoint","urlTemplate":"https:\/\/nuevodigitaldeescobar.com.ar\/?s={search_term_string}"},"query-input":{"@type":"PropertyValueSpecification","valueRequired":true,"valueName":"search_term_string"}}],"inLanguage":"es"},{"@type":"Organization","@id":"https:\/\/nuevodigitaldeescobar.com.ar\/#organization","name":"Nuevo Digital de Escobar","url":"https:\/\/nuevodigitaldeescobar.com.ar\/","logo":{"@type":"ImageObject","inLanguage":"es","@id":"https:\/\/nuevodigitaldeescobar.com.ar\/#\/schema\/logo\/image\/","url":"https:\/\/nuevodigitaldeescobar.com.ar\/wp-content\/uploads\/2025\/05\/cropped-logo-nuevo2.jpg","contentUrl":"https:\/\/nuevodigitaldeescobar.com.ar\/wp-content\/uploads\/2025\/05\/cropped-logo-nuevo2.jpg","width":305,"height":305,"caption":"Nuevo Digital de Escobar"},"image":{"@id":"https:\/\/nuevodigitaldeescobar.com.ar\/#\/schema\/logo\/image\/"},"sameAs":["https:\/\/www.facebook.com\/NUEVODigitalDeEscobar","https:\/\/x.com\/nuevodigescobar","https:\/\/www.instagram.com\/nuevodigitaldeescobar"]}]}},"_links":{"self":[{"href":"https:\/\/nuevodigitaldeescobar.com.ar\/index.php?rest_route=\/wp\/v2\/pages\/18491","targetHints":{"allow":["GET"]}}],"collection":[{"href":"https:\/\/nuevodigitaldeescobar.com.ar\/index.php?rest_route=\/wp\/v2\/pages"}],"about":[{"href":"https:\/\/nuevodigitaldeescobar.com.ar\/index.php?rest_route=\/wp\/v2\/types\/page"}],"author":[{"embeddable":true,"href":"https:\/\/nuevodigitaldeescobar.com.ar\/index.php?rest_route=\/wp\/v2\/users\/1"}],"replies":[{"embeddable":true,"href":"https:\/\/nuevodigitaldeescobar.com.ar\/index.php?rest_route=%2Fwp%2Fv2%2Fcomments&post=18491"}],"version-history":[{"count":8,"href":"https:\/\/nuevodigitaldeescobar.com.ar\/index.php?rest_route=\/wp\/v2\/pages\/18491\/revisions"}],"predecessor-version":[{"id":19140,"href":"https:\/\/nuevodigitaldeescobar.com.ar\/index.php?rest_route=\/wp\/v2\/pages\/18491\/revisions\/19140"}],"wp:attachment":[{"href":"https:\/\/nuevodigitaldeescobar.com.ar\/index.php?rest_route=%2Fwp%2Fv2%2Fmedia&parent=18491"}],"curies":[{"name":"wp","href":"https:\/\/api.w.org\/{rel}","templated":true}]}}